{"id":660,"date":"2020-05-02T21:28:45","date_gmt":"2020-05-02T21:28:45","guid":{"rendered":"https:\/\/www.amdecorinox.com.br\/site\/?page_id=660"},"modified":"2020-08-07T10:39:41","modified_gmt":"2020-08-07T10:39:41","slug":"dispenser-alcool-gel-com-acionamento-por-pedal","status":"publish","type":"page","link":"https:\/\/www.amdecorinox.com.br\/site\/produtos\/dispenser-alcool-gel-com-acionamento-por-pedal\/","title":{"rendered":"Dispenser \u00c1lcool Gel com Acionamento por Pedal"},"content":{"rendered":"<p>[vc_row][vc_column width=&#8221;1\/2&#8243;][vc_single_image image=&#8221;684&#8243; img_size=&#8221;full&#8221; alignment=&#8221;center&#8221; css_animation=&#8221;bottom-to-top&#8221; lazy_loading=&#8221;true&#8221;][\/vc_column][vc_column width=&#8221;1\/2&#8243;][vc_column_text css_animation=&#8221;bottom-to-top&#8221;]<\/p>\n<h4 style=\"text-align: justify;\"><strong>Dispenser \u00c1lcool Gel com Acionamento por Pedal<\/strong><\/h4>\n<p style=\"text-align: justify;\">F\u00e1cil de usar e impede a propaga\u00e7\u00e3o de v\u00edrus e bact\u00e9rias<\/p>\n<h4 style=\"text-align: justify;\">Tamb\u00e9m pode ser utilizado para Sabonete L\u00edquido<\/h4>\n<p style=\"text-align: justify;\">Basta acionar o pedal que o gel \u00e9 aplicado diretamente nas m\u00e3os sem a necessidade de tocar em nada ap\u00f3s a higieniza\u00e7\u00e3o.<\/p>\n<p style=\"text-align: justify;\">Indicado para Supermercados, Padarias, Farm\u00e1cias, Oficinas, Lojas e todas as situa\u00e7\u00f5es com fluxo de pessoas.<\/p>\n<p style=\"text-align: justify;\">Tamb\u00e9m pode ser usado em Condom\u00ednios, como portarias e nos elevadores.<\/p>\n<p style=\"text-align: justify;\">Evita contamina\u00e7\u00e3o por bact\u00e9rias, pois o mesmo \u00e9 acionado com os p\u00e9s.<\/p>\n<p>Inox 304 Polido[\/vc_column_text][vc_column_text]<\/p>\n<h3>Televendas (47) 3222-3623<\/h3>\n<p>[\/vc_column_text][wpforms id=&#8221;688&#8243; title=&#8221;false&#8221; description=&#8221;false&#8221;][\/vc_column][\/vc_row][vc_row][vc_column][vc_separator][\/vc_column][\/vc_row][vc_row][vc_column width=&#8221;1\/3&#8243;][vc_single_image image=&#8221;682&#8243; img_size=&#8221;full&#8221; alignment=&#8221;center&#8221; css_animation=&#8221;bottom-to-top&#8221; lazy_loading=&#8221;true&#8221;][\/vc_column][vc_column width=&#8221;1\/3&#8243;][vc_single_image image=&#8221;681&#8243; img_size=&#8221;full&#8221; alignment=&#8221;center&#8221; css_animation=&#8221;bottom-to-top&#8221; lazy_loading=&#8221;true&#8221;][\/vc_column][vc_column width=&#8221;1\/3&#8243;][vc_single_image image=&#8221;685&#8243; img_size=&#8221;full&#8221; alignment=&#8221;center&#8221; css_animation=&#8221;bottom-to-top&#8221; lazy_loading=&#8221;true&#8221;][\/vc_column][\/vc_row]<\/p>","protected":false},"excerpt":{"rendered":"<p>[vc_row][vc_column width=&#8221;1\/2&#8243;][vc_single_image image=&#8221;684&#8243; img_size=&#8221;full&#8221; alignment=&#8221;center&#8221; css_animation=&#8221;bottom-to-top&#8221; lazy_loading=&#8221;true&#8221;][\/vc_column][vc_column width=&#8221;1\/2&#8243;][vc_column_text css_animation=&#8221;bottom-to-top&#8221;] Dispenser \u00c1lcool Gel com Acionamento por Pedal F\u00e1cil de usar e impede a propaga\u00e7\u00e3o de v\u00edrus e bact\u00e9rias Tamb\u00e9m pode ser utilizado para Sabonete L\u00edquido Basta acionar o pedal que o gel \u00e9 aplicado diretamente nas m\u00e3os sem a necessidade de tocar em nada ap\u00f3s a&hellip;<\/p>\n","protected":false},"author":1,"featured_media":0,"parent":10,"menu_order":0,"comment_status":"closed","ping_status":"closed","template":"","meta":{"footnotes":""},"_links":{"self":[{"href":"https:\/\/www.amdecorinox.com.br\/site\/wp-json\/wp\/v2\/pages\/660"}],"collection":[{"href":"https:\/\/www.amdecorinox.com.br\/site\/wp-json\/wp\/v2\/pages"}],"about":[{"href":"https:\/\/www.amdecorinox.com.br\/site\/wp-json\/wp\/v2\/types\/page"}],"author":[{"embeddable":true,"href":"https:\/\/www.amdecorinox.com.br\/site\/wp-json\/wp\/v2\/users\/1"}],"replies":[{"embeddable":true,"href":"https:\/\/www.amdecorinox.com.br\/site\/wp-json\/wp\/v2\/comments?post=660"}],"version-history":[{"count":22,"href":"https:\/\/www.amdecorinox.com.br\/site\/wp-json\/wp\/v2\/pages\/660\/revisions"}],"predecessor-version":[{"id":707,"href":"https:\/\/www.amdecorinox.com.br\/site\/wp-json\/wp\/v2\/pages\/660\/revisions\/707"}],"up":[{"embeddable":true,"href":"https:\/\/www.amdecorinox.com.br\/site\/wp-json\/wp\/v2\/pages\/10"}],"wp:attachment":[{"href":"https:\/\/www.amdecorinox.com.br\/site\/wp-json\/wp\/v2\/media?parent=660"}],"curies":[{"name":"wp","href":"https:\/\/api.w.org\/{rel}","templated":true}]}}