{"id":364,"date":"2019-07-10T12:51:13","date_gmt":"2019-07-10T12:51:13","guid":{"rendered":"https:\/\/www.amdecorinox.com.br\/site\/?page_id=364"},"modified":"2019-08-02T21:18:42","modified_gmt":"2019-08-02T21:18:42","slug":"pagina-inicial","status":"publish","type":"page","link":"https:\/\/www.amdecorinox.com.br\/site\/","title":{"rendered":"P\u00c1GINA INCIAL"},"content":{"rendered":"<p>[vc_row][vc_column width=&#8221;1\/3&#8243;]<div id=\"ultimate-heading-895669e1ee58a4325\" class=\"uvc-heading ult-adjust-bottom-margin ultimate-heading-895669e1ee58a4325 uvc-581 \" data-hspacer=\"no_spacer\"  data-halign=\"center\" style=\"text-align:center\"><div class=\"uvc-heading-spacer no_spacer\" style=\"top\"><\/div><div class=\"uvc-main-heading ult-responsive\"  data-ultimate-target='.uvc-heading.ultimate-heading-895669e1ee58a4325 h2'  data-responsive-json-new='{\"font-size\":\"\",\"line-height\":\"\"}' ><h2 style=\"font-weight:normal;\">Corrim\u00f5es<\/h2><\/div><\/div>[vc_single_image image=&#8221;493&#8243; img_size=&#8221;300&#215;300&#8243; alignment=&#8221;center&#8221; style=&#8221;vc_box_shadow&#8221; css_animation=&#8221;bottom-to-top&#8221;]<div id=\"ultimate-heading-149069e1ee58a435c\" class=\"uvc-heading ult-adjust-bottom-margin ultimate-heading-149069e1ee58a435c uvc-8575 \" data-hspacer=\"no_spacer\"  data-halign=\"center\" style=\"text-align:center\"><div class=\"uvc-heading-spacer no_spacer\" style=\"top\"><\/div><div class=\"uvc-sub-heading ult-responsive\"  data-ultimate-target='.uvc-heading.ultimate-heading-149069e1ee58a435c .uvc-sub-heading '  data-responsive-json-new='{\"font-size\":\"\",\"line-height\":\"\"}'  style=\"font-weight:normal;\">Montamos Seu Melhor Projeto. Saiba Mais<\/div><\/div>[\/vc_column][vc_column width=&#8221;1\/3&#8243;]<div id=\"ultimate-heading-957669e1ee58a4382\" class=\"uvc-heading ult-adjust-bottom-margin ultimate-heading-957669e1ee58a4382 uvc-7685 \" data-hspacer=\"no_spacer\"  data-halign=\"center\" style=\"text-align:center\"><div class=\"uvc-heading-spacer no_spacer\" style=\"top\"><\/div><div class=\"uvc-main-heading ult-responsive\"  data-ultimate-target='.uvc-heading.ultimate-heading-957669e1ee58a4382 h2'  data-responsive-json-new='{\"font-size\":\"\",\"line-height\":\"\"}' ><h2 style=\"font-weight:normal;\">Cl\u00ednicas e Hospitais<\/h2><\/div><\/div>[vc_single_image image=&#8221;611&#8243; img_size=&#8221;300&#215;300&#8243; alignment=&#8221;center&#8221; style=&#8221;vc_box_shadow&#8221; css_animation=&#8221;bottom-to-top&#8221;]<div id=\"ultimate-heading-708769e1ee58a43a2\" class=\"uvc-heading ult-adjust-bottom-margin ultimate-heading-708769e1ee58a43a2 uvc-5715 \" data-hspacer=\"no_spacer\"  data-halign=\"center\" style=\"text-align:center\"><div class=\"uvc-heading-spacer no_spacer\" style=\"top\"><\/div><div class=\"uvc-sub-heading ult-responsive\"  data-ultimate-target='.uvc-heading.ultimate-heading-708769e1ee58a43a2 .uvc-sub-heading '  data-responsive-json-new='{\"font-size\":\"\",\"line-height\":\"\"}'  style=\"font-weight:normal;\">Para Cl\u00ednicas e Hospitais, temos o Projeto Certo. Confira.<\/div><\/div>[\/vc_column][vc_column width=&#8221;1\/3&#8243;]<div id=\"ultimate-heading-200169e1ee58a43c5\" class=\"uvc-heading ult-adjust-bottom-margin ultimate-heading-200169e1ee58a43c5 uvc-8060 \" data-hspacer=\"no_spacer\"  data-halign=\"center\" style=\"text-align:center\"><div class=\"uvc-heading-spacer no_spacer\" style=\"top\"><\/div><div class=\"uvc-main-heading ult-responsive\"  data-ultimate-target='.uvc-heading.ultimate-heading-200169e1ee58a43c5 h2'  data-responsive-json-new='{\"font-size\":\"\",\"line-height\":\"\"}' ><h2 style=\"font-weight:normal;\">Cozinhas Industriais<\/h2><\/div><\/div>[vc_single_image image=&#8221;612&#8243; img_size=&#8221;300&#215;300&#8243; alignment=&#8221;center&#8221; style=&#8221;vc_box_shadow&#8221; css_animation=&#8221;bottom-to-top&#8221;]<div id=\"ultimate-heading-87569e1ee58a43e3\" class=\"uvc-heading ult-adjust-bottom-margin ultimate-heading-87569e1ee58a43e3 uvc-5183 \" data-hspacer=\"no_spacer\"  data-halign=\"center\" style=\"text-align:center\"><div class=\"uvc-heading-spacer no_spacer\" style=\"top\"><\/div><div class=\"uvc-sub-heading ult-responsive\"  data-ultimate-target='.uvc-heading.ultimate-heading-87569e1ee58a43e3 .uvc-sub-heading '  data-responsive-json-new='{\"font-size\":\"\",\"line-height\":\"\"}'  style=\"font-weight:normal;\">Sua Cozinha Industrial Dentro das Normas e Funcionalidade.<\/div><\/div>[\/vc_column][\/vc_row][vc_row][vc_column][vc_empty_space][\/vc_column][\/vc_row][vc_row][vc_column width=&#8221;1\/2&#8243;][vc_single_image image=&#8221;616&#8243; img_size=&#8221;large&#8221; alignment=&#8221;center&#8221; style=&#8221;vc_box_shadow_3d&#8221; css_animation=&#8221;appear&#8221; lazy_loading=&#8221;true&#8221;][\/vc_column][vc_column width=&#8221;1\/2&#8243;]<style type=\"text\/css\" data-type=\"the7_shortcodes-inline-css\">#default-btn-1:not(:hover) {\n  background: #dd9933 !important;\n  color: #000000;\n  -webkit-text-fill-color: #000000;\n}\n#default-btn-1:not(:hover) * {\n  color: #000000;\n  -webkit-text-fill-color: #000000;\n}\n.btn-3d #default-btn-1:not(:hover) {\n  border-bottom-color: #a07433;\n}\n#default-btn-2:not(:hover) {\n  background: #dd9933 !important;\n  color: #000000;\n  -webkit-text-fill-color: #000000;\n}\n#default-btn-2:not(:hover) * {\n  color: #000000;\n  -webkit-text-fill-color: #000000;\n}\n.btn-3d #default-btn-2:not(:hover) {\n  border-bottom-color: #a07433;\n}\n#default-btn-3:not(:hover) {\n  background: #dd9933 !important;\n  color: #000000;\n  -webkit-text-fill-color: #000000;\n}\n#default-btn-3:not(:hover) * {\n  color: #000000;\n  -webkit-text-fill-color: #000000;\n}\n.btn-3d #default-btn-3:not(:hover) {\n  border-bottom-color: #a07433;\n}\n#default-btn-4:not(:hover) {\n  background: #dd9933 !important;\n  color: #000000;\n  -webkit-text-fill-color: #000000;\n}\n#default-btn-4:not(:hover) * {\n  color: #000000;\n  -webkit-text-fill-color: #000000;\n}\n.btn-3d #default-btn-4:not(:hover) {\n  border-bottom-color: #a07433;\n}\n#default-btn-5:not(:hover) {\n  background: #dd9933 !important;\n  color: #000000;\n  -webkit-text-fill-color: #000000;\n}\n#default-btn-5:not(:hover) * {\n  color: #000000;\n  -webkit-text-fill-color: #000000;\n}\n.btn-3d #default-btn-5:not(:hover) {\n  border-bottom-color: #a07433;\n}\n#default-btn-6:not(:hover) {\n  background: #dd9933 !important;\n  color: #000000;\n  -webkit-text-fill-color: #000000;\n}\n#default-btn-6:not(:hover) * {\n  color: #000000;\n  -webkit-text-fill-color: #000000;\n}\n.btn-3d #default-btn-6:not(:hover) {\n  border-bottom-color: #a07433;\n}\n<\/style><div class=\"btn-align-center\"><a href=\"https:\/\/www.amdecorinox.com.br\/site\/orcamento-sem-compromisso\/preciso-cotacao\/\" class=\"default-btn-shortcode dt-btn dt-btn-l bounce animate-element animation-builder anchor-link full-width-btn \" id=\"default-btn-1\"><span>QUERO UMA COTA\u00c7\u00c3O<\/span><\/a><\/div>[vc_empty_space]<div class=\"btn-align-center\"><a href=\"https:\/\/www.amdecorinox.com.br\/site\/orcamento-sem-compromisso\/falar-consultor\/\" class=\"default-btn-shortcode dt-btn dt-btn-l bounce animate-element animation-builder anchor-link full-width-btn \" id=\"default-btn-2\"><span>FALAR COM CONSULTOR<\/span><\/a><\/div>[vc_empty_space]<div class=\"btn-align-center\"><a href=\"https:\/\/www.amdecorinox.com.br\/site\/orcamento-sem-compromisso\/agendar-visita\/\" class=\"default-btn-shortcode dt-btn dt-btn-l bounce animate-element animation-builder anchor-link full-width-btn \" id=\"default-btn-3\"><span>AGENDAR UMA VISITA<\/span><\/a><\/div>[vc_empty_space][vc_column_text css_animation=&#8221;bottom-to-top&#8221;]<\/p>\n<h3 style=\"text-align: justify;\">Somos Refer\u00eancia em A\u00e7o Inox em Blumenau. Atendemos todo o Brasil e alguns pa\u00edses do Mercosul. Solicite um Or\u00e7amento Sem Compromisso.<\/h3>\n<p>[\/vc_column_text][\/vc_column][\/vc_row][vc_row][vc_column][\/vc_column][\/vc_row]<\/p>","protected":false},"excerpt":{"rendered":"<p>[vc_row][vc_column width=&#8221;1\/3&#8243;][vc_single_image image=&#8221;493&#8243; img_size=&#8221;300&#215;300&#8243; alignment=&#8221;center&#8221; style=&#8221;vc_box_shadow&#8221; css_animation=&#8221;bottom-to-top&#8221;][\/vc_column][vc_column width=&#8221;1\/3&#8243;][vc_single_image image=&#8221;611&#8243; img_size=&#8221;300&#215;300&#8243; alignment=&#8221;center&#8221; style=&#8221;vc_box_shadow&#8221; css_animation=&#8221;bottom-to-top&#8221;][\/vc_column][vc_column width=&#8221;1\/3&#8243;][vc_single_image image=&#8221;612&#8243; img_size=&#8221;300&#215;300&#8243; alignment=&#8221;center&#8221; style=&#8221;vc_box_shadow&#8221; css_animation=&#8221;bottom-to-top&#8221;][\/vc_column][\/vc_row][vc_row][vc_column][vc_empty_space][\/vc_column][\/vc_row][vc_row][vc_column width=&#8221;1\/2&#8243;][vc_single_image image=&#8221;616&#8243; img_size=&#8221;large&#8221; alignment=&#8221;center&#8221; style=&#8221;vc_box_shadow_3d&#8221; css_animation=&#8221;appear&#8221; lazy_loading=&#8221;true&#8221;][\/vc_column][vc_column width=&#8221;1\/2&#8243;][vc_empty_space][vc_empty_space][vc_empty_space][vc_column_text css_animation=&#8221;bottom-to-top&#8221;] Somos Refer\u00eancia em A\u00e7o Inox em Blumenau. Atendemos todo o Brasil e alguns pa\u00edses do Mercosul. Solicite um Or\u00e7amento Sem Compromisso. [\/vc_column_text][\/vc_column][\/vc_row][vc_row][vc_column][\/vc_column][\/vc_row]<\/p>\n","protected":false},"author":1,"featured_media":0,"parent":0,"menu_order":0,"comment_status":"closed","ping_status":"closed","template":"","meta":{"footnotes":""},"_links":{"self":[{"href":"https:\/\/www.amdecorinox.com.br\/site\/wp-json\/wp\/v2\/pages\/364"}],"collection":[{"href":"https:\/\/www.amdecorinox.com.br\/site\/wp-json\/wp\/v2\/pages"}],"about":[{"href":"https:\/\/www.amdecorinox.com.br\/site\/wp-json\/wp\/v2\/types\/page"}],"author":[{"embeddable":true,"href":"https:\/\/www.amdecorinox.com.br\/site\/wp-json\/wp\/v2\/users\/1"}],"replies":[{"embeddable":true,"href":"https:\/\/www.amdecorinox.com.br\/site\/wp-json\/wp\/v2\/comments?post=364"}],"version-history":[{"count":8,"href":"https:\/\/www.amdecorinox.com.br\/site\/wp-json\/wp\/v2\/pages\/364\/revisions"}],"predecessor-version":[{"id":643,"href":"https:\/\/www.amdecorinox.com.br\/site\/wp-json\/wp\/v2\/pages\/364\/revisions\/643"}],"wp:attachment":[{"href":"https:\/\/www.amdecorinox.com.br\/site\/wp-json\/wp\/v2\/media?parent=364"}],"curies":[{"name":"wp","href":"https:\/\/api.w.org\/{rel}","templated":true}]}}