{"id":258,"date":"2017-09-26T03:08:21","date_gmt":"2017-09-26T03:08:21","guid":{"rendered":"http:\/\/www.amdecorinox.com.br\/site\/?page_id=258"},"modified":"2019-07-11T01:51:10","modified_gmt":"2019-07-11T01:51:10","slug":"quem-somos","status":"publish","type":"page","link":"https:\/\/www.amdecorinox.com.br\/site\/quem-somos\/","title":{"rendered":"QUEM SOMOS"},"content":{"rendered":"<p><span style=\"color: #000000;\"><strong>AM DECOR INOX\u00a0<\/strong><\/span><\/p>\n<p><span style=\"color: #000000;\">Sediada em Blumenau e fundada em 2009, a metal\u00fargica e tamb\u00e9m serralheria AM DECOR INOX \u00e9 uma empresa voltada para os diversos setores que vem se destacando pela sua equipe de profissionais qualificados, efici\u00eancia de seus processos, qualidade dos processos e produtos, assim formando uma parceria de confian\u00e7a e respeito.<\/span><\/p>\n<p><span style=\"color: #000000;\">A empresa tem uma grande procura por ter boas qualifica\u00e7\u00f5es e recomenda\u00e7\u00f5es de seus clientes, e por suas variedades de servi\u00e7os.\u00a0<\/span><\/p>\n<p><span style=\"color: #000000;\">Continuaremos essa caminhada com a mesma energia e comprometimento que sempre teve para levar produtos diferenciados e competitivos do mercado para nossos clientes, atendendo sempre a necessidade de cada um, superando prazos e expectativas.<\/span><\/p>\n<p>&nbsp;<\/p>\n<p>&nbsp;<\/p>\n<p>&nbsp;<\/p>","protected":false},"excerpt":{"rendered":"<p>AM DECOR INOX\u00a0 Sediada em Blumenau e fundada em 2009, a metal\u00fargica e tamb\u00e9m serralheria AM DECOR INOX \u00e9 uma empresa voltada para os diversos setores que vem se destacando pela sua equipe de profissionais qualificados, efici\u00eancia de seus processos, qualidade dos processos e produtos, assim formando uma parceria de confian\u00e7a e respeito. A empresa&hellip;<\/p>\n","protected":false},"author":1,"featured_media":0,"parent":0,"menu_order":0,"comment_status":"open","ping_status":"closed","template":"","meta":{"footnotes":""},"_links":{"self":[{"href":"https:\/\/www.amdecorinox.com.br\/site\/wp-json\/wp\/v2\/pages\/258"}],"collection":[{"href":"https:\/\/www.amdecorinox.com.br\/site\/wp-json\/wp\/v2\/pages"}],"about":[{"href":"https:\/\/www.amdecorinox.com.br\/site\/wp-json\/wp\/v2\/types\/page"}],"author":[{"embeddable":true,"href":"https:\/\/www.amdecorinox.com.br\/site\/wp-json\/wp\/v2\/users\/1"}],"replies":[{"embeddable":true,"href":"https:\/\/www.amdecorinox.com.br\/site\/wp-json\/wp\/v2\/comments?post=258"}],"version-history":[{"count":11,"href":"https:\/\/www.amdecorinox.com.br\/site\/wp-json\/wp\/v2\/pages\/258\/revisions"}],"predecessor-version":[{"id":603,"href":"https:\/\/www.amdecorinox.com.br\/site\/wp-json\/wp\/v2\/pages\/258\/revisions\/603"}],"wp:attachment":[{"href":"https:\/\/www.amdecorinox.com.br\/site\/wp-json\/wp\/v2\/media?parent=258"}],"curies":[{"name":"wp","href":"https:\/\/api.w.org\/{rel}","templated":true}]}}