{"id":218,"date":"2015-03-04T11:32:23","date_gmt":"2015-03-04T11:32:23","guid":{"rendered":"http:\/\/www.amdecorinox.com.br\/site\/?page_id=218"},"modified":"2019-08-02T21:26:44","modified_gmt":"2019-08-02T21:26:44","slug":"equipamentos-hospitalares","status":"publish","type":"page","link":"https:\/\/www.amdecorinox.com.br\/site\/produtos\/equipamentos-hospitalares\/","title":{"rendered":"EQUIPAMENTOS HOSPITALARES"},"content":{"rendered":"<p>[vc_row][vc_column][vc_column_text]Somos uma empresa especializada na fabrica\u00e7\u00e3o de Equipamentos Hospitalares.<\/p>\n\n\t\t\t<style type='text\/css'>\n\t\t\t\t#gallery-1 {\n\t\t\t\t\tmargin: auto;\n\t\t\t\t}\n\t\t\t\t#gallery-1 .gallery-item {\n\t\t\t\t\tfloat: left;\n\t\t\t\t\tmargin-top: 10px;\n\t\t\t\t\ttext-align: center;\n\t\t\t\t\twidth: 16%;\n\t\t\t\t}\n\t\t\t\t#gallery-1 img {\n\t\t\t\t\tborder: 2px solid #cfcfcf;\n\t\t\t\t}\n\t\t\t\t#gallery-1 .gallery-caption {\n\t\t\t\t\tmargin-left: 0;\n\t\t\t\t}\n\t\t\t\t\/* see gallery_shortcode() in wp-includes\/media.php *\/\n\t\t\t<\/style>\n\t\t<div id='gallery-1' class='dt-gallery-container gallery galleryid-518 gallery-columns-6 gallery-size-thumbnail'><dl class='gallery-item'>\n\t\t\t\t<dt class='gallery-icon landscape'>\n\t\t\t\t\t<a data-description='' class='rollover rollover-zoom dt-pswp-item' title='dscn0987' data-dt-img-description='' data-large_image_width='1000' data-large_image_height = '750'  href='https:\/\/www.amdecorinox.com.br\/site\/wp-content\/uploads\/2019\/07\/dscn0987.jpg'><img loading=\"lazy\" decoding=\"async\" width=\"150\" height=\"150\" src=\"https:\/\/www.amdecorinox.com.br\/site\/wp-content\/uploads\/2019\/07\/dscn0987-150x150.jpg\" class=\"attachment-thumbnail size-thumbnail\" alt=\"\" srcset=\"https:\/\/www.amdecorinox.com.br\/site\/wp-content\/uploads\/2019\/07\/dscn0987-150x150.jpg 150w, https:\/\/www.amdecorinox.com.br\/site\/wp-content\/uploads\/2019\/07\/dscn0987-150x150@2x.jpg 300w\" sizes=\"(max-width: 150px) 100vw, 150px\" \/><\/a>\n\t\t\t\t<\/dt><\/dl><dl class='gallery-item'>\n\t\t\t\t<dt class='gallery-icon landscape'>\n\t\t\t\t\t<a data-description='' class='rollover rollover-zoom dt-pswp-item' title='dscn0988' data-dt-img-description='' data-large_image_width='1000' data-large_image_height = '750'  href='https:\/\/www.amdecorinox.com.br\/site\/wp-content\/uploads\/2019\/07\/dscn0988.jpg'><img loading=\"lazy\" decoding=\"async\" width=\"150\" height=\"150\" src=\"https:\/\/www.amdecorinox.com.br\/site\/wp-content\/uploads\/2019\/07\/dscn0988-150x150.jpg\" class=\"attachment-thumbnail size-thumbnail\" alt=\"\" srcset=\"https:\/\/www.amdecorinox.com.br\/site\/wp-content\/uploads\/2019\/07\/dscn0988-150x150.jpg 150w, https:\/\/www.amdecorinox.com.br\/site\/wp-content\/uploads\/2019\/07\/dscn0988-150x150@2x.jpg 300w\" sizes=\"(max-width: 150px) 100vw, 150px\" \/><\/a>\n\t\t\t\t<\/dt><\/dl><dl class='gallery-item'>\n\t\t\t\t<dt class='gallery-icon landscape'>\n\t\t\t\t\t<a data-description='' class='rollover rollover-zoom dt-pswp-item' title='dscn0989' data-dt-img-description='' data-large_image_width='1000' data-large_image_height = '750'  href='https:\/\/www.amdecorinox.com.br\/site\/wp-content\/uploads\/2019\/07\/dscn0989.jpg'><img loading=\"lazy\" decoding=\"async\" width=\"150\" height=\"150\" src=\"https:\/\/www.amdecorinox.com.br\/site\/wp-content\/uploads\/2019\/07\/dscn0989-150x150.jpg\" class=\"attachment-thumbnail size-thumbnail\" alt=\"\" srcset=\"https:\/\/www.amdecorinox.com.br\/site\/wp-content\/uploads\/2019\/07\/dscn0989-150x150.jpg 150w, https:\/\/www.amdecorinox.com.br\/site\/wp-content\/uploads\/2019\/07\/dscn0989-150x150@2x.jpg 300w\" sizes=\"(max-width: 150px) 100vw, 150px\" \/><\/a>\n\t\t\t\t<\/dt><\/dl><dl class='gallery-item'>\n\t\t\t\t<dt class='gallery-icon landscape'>\n\t\t\t\t\t<a data-description='' class='rollover rollover-zoom dt-pswp-item' title='dscn0990' data-dt-img-description='' data-large_image_width='1000' data-large_image_height = '750'  href='https:\/\/www.amdecorinox.com.br\/site\/wp-content\/uploads\/2019\/07\/dscn0990.jpg'><img loading=\"lazy\" decoding=\"async\" width=\"150\" height=\"150\" src=\"https:\/\/www.amdecorinox.com.br\/site\/wp-content\/uploads\/2019\/07\/dscn0990-150x150.jpg\" class=\"attachment-thumbnail size-thumbnail\" alt=\"\" srcset=\"https:\/\/www.amdecorinox.com.br\/site\/wp-content\/uploads\/2019\/07\/dscn0990-150x150.jpg 150w, https:\/\/www.amdecorinox.com.br\/site\/wp-content\/uploads\/2019\/07\/dscn0990-150x150@2x.jpg 300w\" sizes=\"(max-width: 150px) 100vw, 150px\" \/><\/a>\n\t\t\t\t<\/dt><\/dl><dl class='gallery-item'>\n\t\t\t\t<dt class='gallery-icon landscape'>\n\t\t\t\t\t<a data-description='' class='rollover rollover-zoom dt-pswp-item' title='dscn0990_0' data-dt-img-description='' data-large_image_width='1000' data-large_image_height = '750'  href='https:\/\/www.amdecorinox.com.br\/site\/wp-content\/uploads\/2019\/07\/dscn0990_0.jpg'><img loading=\"lazy\" decoding=\"async\" width=\"150\" height=\"150\" src=\"https:\/\/www.amdecorinox.com.br\/site\/wp-content\/uploads\/2019\/07\/dscn0990_0-150x150.jpg\" class=\"attachment-thumbnail size-thumbnail\" alt=\"\" srcset=\"https:\/\/www.amdecorinox.com.br\/site\/wp-content\/uploads\/2019\/07\/dscn0990_0-150x150.jpg 150w, https:\/\/www.amdecorinox.com.br\/site\/wp-content\/uploads\/2019\/07\/dscn0990_0-150x150@2x.jpg 300w\" sizes=\"(max-width: 150px) 100vw, 150px\" \/><\/a>\n\t\t\t\t<\/dt><\/dl><dl class='gallery-item'>\n\t\t\t\t<dt class='gallery-icon landscape'>\n\t\t\t\t\t<a data-description='' class='rollover rollover-zoom dt-pswp-item' title='dscn0991' data-dt-img-description='' data-large_image_width='1000' data-large_image_height = '750'  href='https:\/\/www.amdecorinox.com.br\/site\/wp-content\/uploads\/2019\/07\/dscn0991.jpg'><img loading=\"lazy\" decoding=\"async\" width=\"150\" height=\"150\" src=\"https:\/\/www.amdecorinox.com.br\/site\/wp-content\/uploads\/2019\/07\/dscn0991-150x150.jpg\" class=\"attachment-thumbnail size-thumbnail\" alt=\"\" srcset=\"https:\/\/www.amdecorinox.com.br\/site\/wp-content\/uploads\/2019\/07\/dscn0991-150x150.jpg 150w, https:\/\/www.amdecorinox.com.br\/site\/wp-content\/uploads\/2019\/07\/dscn0991-150x150@2x.jpg 300w\" sizes=\"(max-width: 150px) 100vw, 150px\" \/><\/a>\n\t\t\t\t<\/dt><\/dl><br style=\"clear: both\" \/><dl class='gallery-item'>\n\t\t\t\t<dt class='gallery-icon landscape'>\n\t\t\t\t\t<a data-description='' class='rollover rollover-zoom dt-pswp-item' title='dscn0991_0' data-dt-img-description='' data-large_image_width='1000' data-large_image_height = '750'  href='https:\/\/www.amdecorinox.com.br\/site\/wp-content\/uploads\/2019\/07\/dscn0991_0.jpg'><img loading=\"lazy\" decoding=\"async\" width=\"150\" height=\"150\" src=\"https:\/\/www.amdecorinox.com.br\/site\/wp-content\/uploads\/2019\/07\/dscn0991_0-150x150.jpg\" class=\"attachment-thumbnail size-thumbnail\" alt=\"\" srcset=\"https:\/\/www.amdecorinox.com.br\/site\/wp-content\/uploads\/2019\/07\/dscn0991_0-150x150.jpg 150w, https:\/\/www.amdecorinox.com.br\/site\/wp-content\/uploads\/2019\/07\/dscn0991_0-150x150@2x.jpg 300w\" sizes=\"(max-width: 150px) 100vw, 150px\" \/><\/a>\n\t\t\t\t<\/dt><\/dl><dl class='gallery-item'>\n\t\t\t\t<dt class='gallery-icon landscape'>\n\t\t\t\t\t<a data-description='' class='rollover rollover-zoom dt-pswp-item' title='dscn0992' data-dt-img-description='' data-large_image_width='1000' data-large_image_height = '750'  href='https:\/\/www.amdecorinox.com.br\/site\/wp-content\/uploads\/2019\/07\/dscn0992.jpg'><img loading=\"lazy\" decoding=\"async\" width=\"150\" height=\"150\" src=\"https:\/\/www.amdecorinox.com.br\/site\/wp-content\/uploads\/2019\/07\/dscn0992-150x150.jpg\" class=\"attachment-thumbnail size-thumbnail\" alt=\"\" srcset=\"https:\/\/www.amdecorinox.com.br\/site\/wp-content\/uploads\/2019\/07\/dscn0992-150x150.jpg 150w, https:\/\/www.amdecorinox.com.br\/site\/wp-content\/uploads\/2019\/07\/dscn0992-150x150@2x.jpg 300w\" sizes=\"(max-width: 150px) 100vw, 150px\" \/><\/a>\n\t\t\t\t<\/dt><\/dl><dl class='gallery-item'>\n\t\t\t\t<dt class='gallery-icon landscape'>\n\t\t\t\t\t<a data-description='' class='rollover rollover-zoom dt-pswp-item' title='dscn0992_0' data-dt-img-description='' data-large_image_width='1000' data-large_image_height = '750'  href='https:\/\/www.amdecorinox.com.br\/site\/wp-content\/uploads\/2019\/07\/dscn0992_0.jpg'><img loading=\"lazy\" decoding=\"async\" width=\"150\" height=\"150\" src=\"https:\/\/www.amdecorinox.com.br\/site\/wp-content\/uploads\/2019\/07\/dscn0992_0-150x150.jpg\" class=\"attachment-thumbnail size-thumbnail\" alt=\"\" srcset=\"https:\/\/www.amdecorinox.com.br\/site\/wp-content\/uploads\/2019\/07\/dscn0992_0-150x150.jpg 150w, https:\/\/www.amdecorinox.com.br\/site\/wp-content\/uploads\/2019\/07\/dscn0992_0-150x150@2x.jpg 300w\" sizes=\"(max-width: 150px) 100vw, 150px\" \/><\/a>\n\t\t\t\t<\/dt><\/dl><dl class='gallery-item'>\n\t\t\t\t<dt class='gallery-icon landscape'>\n\t\t\t\t\t<a data-description='' class='rollover rollover-zoom dt-pswp-item' title='dscn0993_0' data-dt-img-description='' data-large_image_width='1000' data-large_image_height = '750'  href='https:\/\/www.amdecorinox.com.br\/site\/wp-content\/uploads\/2019\/07\/dscn0993_0.jpg'><img loading=\"lazy\" decoding=\"async\" width=\"150\" height=\"150\" src=\"https:\/\/www.amdecorinox.com.br\/site\/wp-content\/uploads\/2019\/07\/dscn0993_0-150x150.jpg\" class=\"attachment-thumbnail size-thumbnail\" alt=\"\" srcset=\"https:\/\/www.amdecorinox.com.br\/site\/wp-content\/uploads\/2019\/07\/dscn0993_0-150x150.jpg 150w, https:\/\/www.amdecorinox.com.br\/site\/wp-content\/uploads\/2019\/07\/dscn0993_0-150x150@2x.jpg 300w\" sizes=\"(max-width: 150px) 100vw, 150px\" \/><\/a>\n\t\t\t\t<\/dt><\/dl><dl class='gallery-item'>\n\t\t\t\t<dt class='gallery-icon landscape'>\n\t\t\t\t\t<a data-description='' class='rollover rollover-zoom dt-pswp-item' title='dscn1001' data-dt-img-description='' data-large_image_width='1000' data-large_image_height = '750'  href='https:\/\/www.amdecorinox.com.br\/site\/wp-content\/uploads\/2019\/07\/dscn1001.jpg'><img loading=\"lazy\" decoding=\"async\" width=\"150\" height=\"150\" src=\"https:\/\/www.amdecorinox.com.br\/site\/wp-content\/uploads\/2019\/07\/dscn1001-150x150.jpg\" class=\"attachment-thumbnail size-thumbnail\" alt=\"\" srcset=\"https:\/\/www.amdecorinox.com.br\/site\/wp-content\/uploads\/2019\/07\/dscn1001-150x150.jpg 150w, https:\/\/www.amdecorinox.com.br\/site\/wp-content\/uploads\/2019\/07\/dscn1001-150x150@2x.jpg 300w\" sizes=\"(max-width: 150px) 100vw, 150px\" \/><\/a>\n\t\t\t\t<\/dt><\/dl><dl class='gallery-item'>\n\t\t\t\t<dt class='gallery-icon landscape'>\n\t\t\t\t\t<a data-description='' class='rollover rollover-zoom dt-pswp-item' title='dscn1002' data-dt-img-description='' data-large_image_width='1000' data-large_image_height = '750'  href='https:\/\/www.amdecorinox.com.br\/site\/wp-content\/uploads\/2019\/07\/dscn1002.jpg'><img loading=\"lazy\" decoding=\"async\" width=\"150\" height=\"150\" src=\"https:\/\/www.amdecorinox.com.br\/site\/wp-content\/uploads\/2019\/07\/dscn1002-150x150.jpg\" class=\"attachment-thumbnail size-thumbnail\" alt=\"\" srcset=\"https:\/\/www.amdecorinox.com.br\/site\/wp-content\/uploads\/2019\/07\/dscn1002-150x150.jpg 150w, https:\/\/www.amdecorinox.com.br\/site\/wp-content\/uploads\/2019\/07\/dscn1002-150x150@2x.jpg 300w\" sizes=\"(max-width: 150px) 100vw, 150px\" \/><\/a>\n\t\t\t\t<\/dt><\/dl><br style=\"clear: both\" \/><dl class='gallery-item'>\n\t\t\t\t<dt class='gallery-icon landscape'>\n\t\t\t\t\t<a data-description='' class='rollover rollover-zoom dt-pswp-item' title='dscn1003' data-dt-img-description='' data-large_image_width='1000' data-large_image_height = '750'  href='https:\/\/www.amdecorinox.com.br\/site\/wp-content\/uploads\/2019\/07\/dscn1003.jpg'><img loading=\"lazy\" decoding=\"async\" width=\"150\" height=\"150\" src=\"https:\/\/www.amdecorinox.com.br\/site\/wp-content\/uploads\/2019\/07\/dscn1003-150x150.jpg\" class=\"attachment-thumbnail size-thumbnail\" alt=\"\" srcset=\"https:\/\/www.amdecorinox.com.br\/site\/wp-content\/uploads\/2019\/07\/dscn1003-150x150.jpg 150w, https:\/\/www.amdecorinox.com.br\/site\/wp-content\/uploads\/2019\/07\/dscn1003-150x150@2x.jpg 300w\" sizes=\"(max-width: 150px) 100vw, 150px\" \/><\/a>\n\t\t\t\t<\/dt><\/dl><dl class='gallery-item'>\n\t\t\t\t<dt class='gallery-icon landscape'>\n\t\t\t\t\t<a data-description='' class='rollover rollover-zoom dt-pswp-item' title='dscn1005' data-dt-img-description='' data-large_image_width='1000' data-large_image_height = '750'  href='https:\/\/www.amdecorinox.com.br\/site\/wp-content\/uploads\/2019\/07\/dscn1005.jpg'><img loading=\"lazy\" decoding=\"async\" width=\"150\" height=\"150\" src=\"https:\/\/www.amdecorinox.com.br\/site\/wp-content\/uploads\/2019\/07\/dscn1005-150x150.jpg\" class=\"attachment-thumbnail size-thumbnail\" alt=\"\" srcset=\"https:\/\/www.amdecorinox.com.br\/site\/wp-content\/uploads\/2019\/07\/dscn1005-150x150.jpg 150w, https:\/\/www.amdecorinox.com.br\/site\/wp-content\/uploads\/2019\/07\/dscn1005-150x150@2x.jpg 300w\" sizes=\"(max-width: 150px) 100vw, 150px\" \/><\/a>\n\t\t\t\t<\/dt><\/dl><dl class='gallery-item'>\n\t\t\t\t<dt class='gallery-icon landscape'>\n\t\t\t\t\t<a data-description='' class='rollover rollover-zoom dt-pswp-item' title='dscn1005_0' data-dt-img-description='' data-large_image_width='1000' data-large_image_height = '750'  href='https:\/\/www.amdecorinox.com.br\/site\/wp-content\/uploads\/2019\/07\/dscn1005_0.jpg'><img loading=\"lazy\" decoding=\"async\" width=\"150\" height=\"150\" src=\"https:\/\/www.amdecorinox.com.br\/site\/wp-content\/uploads\/2019\/07\/dscn1005_0-150x150.jpg\" class=\"attachment-thumbnail size-thumbnail\" alt=\"\" srcset=\"https:\/\/www.amdecorinox.com.br\/site\/wp-content\/uploads\/2019\/07\/dscn1005_0-150x150.jpg 150w, https:\/\/www.amdecorinox.com.br\/site\/wp-content\/uploads\/2019\/07\/dscn1005_0-150x150@2x.jpg 300w\" sizes=\"(max-width: 150px) 100vw, 150px\" \/><\/a>\n\t\t\t\t<\/dt><\/dl><dl class='gallery-item'>\n\t\t\t\t<dt class='gallery-icon landscape'>\n\t\t\t\t\t<a data-description='' class='rollover rollover-zoom dt-pswp-item' title='dscn1006' data-dt-img-description='' data-large_image_width='1000' data-large_image_height = '750'  href='https:\/\/www.amdecorinox.com.br\/site\/wp-content\/uploads\/2019\/07\/dscn1006.jpg'><img loading=\"lazy\" decoding=\"async\" width=\"150\" height=\"150\" src=\"https:\/\/www.amdecorinox.com.br\/site\/wp-content\/uploads\/2019\/07\/dscn1006-150x150.jpg\" class=\"attachment-thumbnail size-thumbnail\" alt=\"\" srcset=\"https:\/\/www.amdecorinox.com.br\/site\/wp-content\/uploads\/2019\/07\/dscn1006-150x150.jpg 150w, https:\/\/www.amdecorinox.com.br\/site\/wp-content\/uploads\/2019\/07\/dscn1006-150x150@2x.jpg 300w\" sizes=\"(max-width: 150px) 100vw, 150px\" \/><\/a>\n\t\t\t\t<\/dt><\/dl><dl class='gallery-item'>\n\t\t\t\t<dt class='gallery-icon landscape'>\n\t\t\t\t\t<a data-description='' class='rollover rollover-zoom dt-pswp-item' title='dscn1007' data-dt-img-description='' data-large_image_width='1000' data-large_image_height = '750'  href='https:\/\/www.amdecorinox.com.br\/site\/wp-content\/uploads\/2019\/07\/dscn1007.jpg'><img loading=\"lazy\" decoding=\"async\" width=\"150\" height=\"150\" src=\"https:\/\/www.amdecorinox.com.br\/site\/wp-content\/uploads\/2019\/07\/dscn1007-150x150.jpg\" class=\"attachment-thumbnail size-thumbnail\" alt=\"\" srcset=\"https:\/\/www.amdecorinox.com.br\/site\/wp-content\/uploads\/2019\/07\/dscn1007-150x150.jpg 150w, https:\/\/www.amdecorinox.com.br\/site\/wp-content\/uploads\/2019\/07\/dscn1007-150x150@2x.jpg 300w\" sizes=\"(max-width: 150px) 100vw, 150px\" \/><\/a>\n\t\t\t\t<\/dt><\/dl><dl class='gallery-item'>\n\t\t\t\t<dt class='gallery-icon landscape'>\n\t\t\t\t\t<a data-description='' class='rollover rollover-zoom dt-pswp-item' title='dscn1009' data-dt-img-description='' data-large_image_width='1000' data-large_image_height = '750'  href='https:\/\/www.amdecorinox.com.br\/site\/wp-content\/uploads\/2019\/07\/dscn1009.jpg'><img loading=\"lazy\" decoding=\"async\" width=\"150\" height=\"150\" src=\"https:\/\/www.amdecorinox.com.br\/site\/wp-content\/uploads\/2019\/07\/dscn1009-150x150.jpg\" class=\"attachment-thumbnail size-thumbnail\" alt=\"\" srcset=\"https:\/\/www.amdecorinox.com.br\/site\/wp-content\/uploads\/2019\/07\/dscn1009-150x150.jpg 150w, https:\/\/www.amdecorinox.com.br\/site\/wp-content\/uploads\/2019\/07\/dscn1009-150x150@2x.jpg 300w\" sizes=\"(max-width: 150px) 100vw, 150px\" \/><\/a>\n\t\t\t\t<\/dt><\/dl><br style=\"clear: both\" \/><dl class='gallery-item'>\n\t\t\t\t<dt class='gallery-icon landscape'>\n\t\t\t\t\t<a data-description='' class='rollover rollover-zoom dt-pswp-item' title='dscn1010' data-dt-img-description='' data-large_image_width='1000' data-large_image_height = '750'  href='https:\/\/www.amdecorinox.com.br\/site\/wp-content\/uploads\/2019\/07\/dscn1010.jpg'><img loading=\"lazy\" decoding=\"async\" width=\"150\" height=\"150\" src=\"https:\/\/www.amdecorinox.com.br\/site\/wp-content\/uploads\/2019\/07\/dscn1010-150x150.jpg\" class=\"attachment-thumbnail size-thumbnail\" alt=\"\" srcset=\"https:\/\/www.amdecorinox.com.br\/site\/wp-content\/uploads\/2019\/07\/dscn1010-150x150.jpg 150w, https:\/\/www.amdecorinox.com.br\/site\/wp-content\/uploads\/2019\/07\/dscn1010-150x150@2x.jpg 300w\" sizes=\"(max-width: 150px) 100vw, 150px\" \/><\/a>\n\t\t\t\t<\/dt><\/dl><dl class='gallery-item'>\n\t\t\t\t<dt class='gallery-icon landscape'>\n\t\t\t\t\t<a data-description='' class='rollover rollover-zoom dt-pswp-item' title='dscn1011' data-dt-img-description='' data-large_image_width='1000' data-large_image_height = '750'  href='https:\/\/www.amdecorinox.com.br\/site\/wp-content\/uploads\/2019\/07\/dscn1011.jpg'><img loading=\"lazy\" decoding=\"async\" width=\"150\" height=\"150\" src=\"https:\/\/www.amdecorinox.com.br\/site\/wp-content\/uploads\/2019\/07\/dscn1011-150x150.jpg\" class=\"attachment-thumbnail size-thumbnail\" alt=\"\" srcset=\"https:\/\/www.amdecorinox.com.br\/site\/wp-content\/uploads\/2019\/07\/dscn1011-150x150.jpg 150w, https:\/\/www.amdecorinox.com.br\/site\/wp-content\/uploads\/2019\/07\/dscn1011-150x150@2x.jpg 300w\" sizes=\"(max-width: 150px) 100vw, 150px\" \/><\/a>\n\t\t\t\t<\/dt><\/dl><dl class='gallery-item'>\n\t\t\t\t<dt class='gallery-icon landscape'>\n\t\t\t\t\t<a data-description='' class='rollover rollover-zoom dt-pswp-item' title='dscn1011_0' data-dt-img-description='' data-large_image_width='1000' data-large_image_height = '750'  href='https:\/\/www.amdecorinox.com.br\/site\/wp-content\/uploads\/2019\/07\/dscn1011_0.jpg'><img loading=\"lazy\" decoding=\"async\" width=\"150\" height=\"150\" src=\"https:\/\/www.amdecorinox.com.br\/site\/wp-content\/uploads\/2019\/07\/dscn1011_0-150x150.jpg\" class=\"attachment-thumbnail size-thumbnail\" alt=\"\" srcset=\"https:\/\/www.amdecorinox.com.br\/site\/wp-content\/uploads\/2019\/07\/dscn1011_0-150x150.jpg 150w, https:\/\/www.amdecorinox.com.br\/site\/wp-content\/uploads\/2019\/07\/dscn1011_0-150x150@2x.jpg 300w\" sizes=\"(max-width: 150px) 100vw, 150px\" \/><\/a>\n\t\t\t\t<\/dt><\/dl><dl class='gallery-item'>\n\t\t\t\t<dt class='gallery-icon landscape'>\n\t\t\t\t\t<a data-description='' class='rollover rollover-zoom dt-pswp-item' title='dscn1013' data-dt-img-description='' data-large_image_width='1000' data-large_image_height = '750'  href='https:\/\/www.amdecorinox.com.br\/site\/wp-content\/uploads\/2019\/07\/dscn1013.jpg'><img loading=\"lazy\" decoding=\"async\" width=\"150\" height=\"150\" src=\"https:\/\/www.amdecorinox.com.br\/site\/wp-content\/uploads\/2019\/07\/dscn1013-150x150.jpg\" class=\"attachment-thumbnail size-thumbnail\" alt=\"\" srcset=\"https:\/\/www.amdecorinox.com.br\/site\/wp-content\/uploads\/2019\/07\/dscn1013-150x150.jpg 150w, https:\/\/www.amdecorinox.com.br\/site\/wp-content\/uploads\/2019\/07\/dscn1013-150x150@2x.jpg 300w\" sizes=\"(max-width: 150px) 100vw, 150px\" \/><\/a>\n\t\t\t\t<\/dt><\/dl><dl class='gallery-item'>\n\t\t\t\t<dt class='gallery-icon landscape'>\n\t\t\t\t\t<a data-description='' class='rollover rollover-zoom dt-pswp-item' title='dscn1013_0' data-dt-img-description='' data-large_image_width='1000' data-large_image_height = '750'  href='https:\/\/www.amdecorinox.com.br\/site\/wp-content\/uploads\/2019\/07\/dscn1013_0.jpg'><img loading=\"lazy\" decoding=\"async\" width=\"150\" height=\"150\" src=\"https:\/\/www.amdecorinox.com.br\/site\/wp-content\/uploads\/2019\/07\/dscn1013_0-150x150.jpg\" class=\"attachment-thumbnail size-thumbnail\" alt=\"\" srcset=\"https:\/\/www.amdecorinox.com.br\/site\/wp-content\/uploads\/2019\/07\/dscn1013_0-150x150.jpg 150w, https:\/\/www.amdecorinox.com.br\/site\/wp-content\/uploads\/2019\/07\/dscn1013_0-150x150@2x.jpg 300w\" sizes=\"(max-width: 150px) 100vw, 150px\" \/><\/a>\n\t\t\t\t<\/dt><\/dl><dl class='gallery-item'>\n\t\t\t\t<dt class='gallery-icon landscape'>\n\t\t\t\t\t<a data-description='' class='rollover rollover-zoom dt-pswp-item' title='dscn1013_1' data-dt-img-description='' data-large_image_width='1000' data-large_image_height = '750'  href='https:\/\/www.amdecorinox.com.br\/site\/wp-content\/uploads\/2019\/07\/dscn1013_1.jpg'><img loading=\"lazy\" decoding=\"async\" width=\"150\" height=\"150\" src=\"https:\/\/www.amdecorinox.com.br\/site\/wp-content\/uploads\/2019\/07\/dscn1013_1-150x150.jpg\" class=\"attachment-thumbnail size-thumbnail\" alt=\"\" srcset=\"https:\/\/www.amdecorinox.com.br\/site\/wp-content\/uploads\/2019\/07\/dscn1013_1-150x150.jpg 150w, https:\/\/www.amdecorinox.com.br\/site\/wp-content\/uploads\/2019\/07\/dscn1013_1-150x150@2x.jpg 300w\" sizes=\"(max-width: 150px) 100vw, 150px\" \/><\/a>\n\t\t\t\t<\/dt><\/dl><br style=\"clear: both\" \/><dl class='gallery-item'>\n\t\t\t\t<dt class='gallery-icon landscape'>\n\t\t\t\t\t<a data-description='' class='rollover rollover-zoom dt-pswp-item' title='dscn1014' data-dt-img-description='' data-large_image_width='1000' data-large_image_height = '750'  href='https:\/\/www.amdecorinox.com.br\/site\/wp-content\/uploads\/2019\/07\/dscn1014.jpg'><img loading=\"lazy\" decoding=\"async\" width=\"150\" height=\"150\" src=\"https:\/\/www.amdecorinox.com.br\/site\/wp-content\/uploads\/2019\/07\/dscn1014-150x150.jpg\" class=\"attachment-thumbnail size-thumbnail\" alt=\"\" srcset=\"https:\/\/www.amdecorinox.com.br\/site\/wp-content\/uploads\/2019\/07\/dscn1014-150x150.jpg 150w, https:\/\/www.amdecorinox.com.br\/site\/wp-content\/uploads\/2019\/07\/dscn1014-150x150@2x.jpg 300w\" sizes=\"(max-width: 150px) 100vw, 150px\" \/><\/a>\n\t\t\t\t<\/dt><\/dl><dl class='gallery-item'>\n\t\t\t\t<dt class='gallery-icon landscape'>\n\t\t\t\t\t<a data-description='' class='rollover rollover-zoom dt-pswp-item' title='dscn1015' data-dt-img-description='' data-large_image_width='1000' data-large_image_height = '750'  href='https:\/\/www.amdecorinox.com.br\/site\/wp-content\/uploads\/2019\/07\/dscn1015.jpg'><img loading=\"lazy\" decoding=\"async\" width=\"150\" height=\"150\" src=\"https:\/\/www.amdecorinox.com.br\/site\/wp-content\/uploads\/2019\/07\/dscn1015-150x150.jpg\" class=\"attachment-thumbnail size-thumbnail\" alt=\"\" srcset=\"https:\/\/www.amdecorinox.com.br\/site\/wp-content\/uploads\/2019\/07\/dscn1015-150x150.jpg 150w, https:\/\/www.amdecorinox.com.br\/site\/wp-content\/uploads\/2019\/07\/dscn1015-150x150@2x.jpg 300w\" sizes=\"(max-width: 150px) 100vw, 150px\" \/><\/a>\n\t\t\t\t<\/dt><\/dl><dl class='gallery-item'>\n\t\t\t\t<dt class='gallery-icon landscape'>\n\t\t\t\t\t<a data-description='' class='rollover rollover-zoom dt-pswp-item' title='dscn1015_0' data-dt-img-description='' data-large_image_width='1000' data-large_image_height = '750'  href='https:\/\/www.amdecorinox.com.br\/site\/wp-content\/uploads\/2019\/07\/dscn1015_0.jpg'><img loading=\"lazy\" decoding=\"async\" width=\"150\" height=\"150\" src=\"https:\/\/www.amdecorinox.com.br\/site\/wp-content\/uploads\/2019\/07\/dscn1015_0-150x150.jpg\" class=\"attachment-thumbnail size-thumbnail\" alt=\"\" srcset=\"https:\/\/www.amdecorinox.com.br\/site\/wp-content\/uploads\/2019\/07\/dscn1015_0-150x150.jpg 150w, https:\/\/www.amdecorinox.com.br\/site\/wp-content\/uploads\/2019\/07\/dscn1015_0-150x150@2x.jpg 300w\" sizes=\"(max-width: 150px) 100vw, 150px\" \/><\/a>\n\t\t\t\t<\/dt><\/dl>\n\t\t\t\t<br style='clear: both' \/>\n\t\t\t<\/div>\n\n<p>Consulte-nos e solicite um or\u00e7amento sem compromisso.[\/vc_column_text][\/vc_column][\/vc_row]<\/p>","protected":false},"excerpt":{"rendered":"<p>[vc_row][vc_column][vc_column_text]Somos uma empresa especializada na fabrica\u00e7\u00e3o de Equipamentos Hospitalares. Consulte-nos e solicite um or\u00e7amento sem compromisso.[\/vc_column_text][\/vc_column][\/vc_row]<\/p>\n","protected":false},"author":2,"featured_media":0,"parent":10,"menu_order":0,"comment_status":"open","ping_status":"closed","template":"","meta":{"footnotes":""},"_links":{"self":[{"href":"https:\/\/www.amdecorinox.com.br\/site\/wp-json\/wp\/v2\/pages\/218"}],"collection":[{"href":"https:\/\/www.amdecorinox.com.br\/site\/wp-json\/wp\/v2\/pages"}],"about":[{"href":"https:\/\/www.amdecorinox.com.br\/site\/wp-json\/wp\/v2\/types\/page"}],"author":[{"embeddable":true,"href":"https:\/\/www.amdecorinox.com.br\/site\/wp-json\/wp\/v2\/users\/2"}],"replies":[{"embeddable":true,"href":"https:\/\/www.amdecorinox.com.br\/site\/wp-json\/wp\/v2\/comments?post=218"}],"version-history":[{"count":4,"href":"https:\/\/www.amdecorinox.com.br\/site\/wp-json\/wp\/v2\/pages\/218\/revisions"}],"predecessor-version":[{"id":606,"href":"https:\/\/www.amdecorinox.com.br\/site\/wp-json\/wp\/v2\/pages\/218\/revisions\/606"}],"up":[{"embeddable":true,"href":"https:\/\/www.amdecorinox.com.br\/site\/wp-json\/wp\/v2\/pages\/10"}],"wp:attachment":[{"href":"https:\/\/www.amdecorinox.com.br\/site\/wp-json\/wp\/v2\/media?parent=218"}],"curies":[{"name":"wp","href":"https:\/\/api.w.org\/{rel}","templated":true}]}}