{"id":258,"date":"2017-09-26T03:08:21","date_gmt":"2017-09-26T03:08:21","guid":{"rendered":"http:\/\/www.amdecorinox.com.br\/site\/?page_id=258"},"modified":"2019-07-11T01:51:10","modified_gmt":"2019-07-11T01:51:10","slug":"quem-somos","status":"publish","type":"page","link":"https:\/\/www.amdecorinox.com.br\/site\/es\/quem-somos\/","title":{"rendered":"QUIENES SOMOS"},"content":{"rendered":"<p><span style=\"color: #000000;\"><strong>AM DECOR INOX\u00a0<\/strong><\/span><\/p>\n<p style=\"text-align: justify;\">Con sede central en Blumenau y fundada en 2009, AM DECOR INOX, metal\u00fargica y tambi\u00e9n cerrajer\u00eda, es una empresa enfocada en los diversos sectores que se ha distinguido por su equipo de profesionales calificados, la eficiencia de sus procesos, la calidad de los procesos y productos, formando as\u00ed una asociaci\u00f3n. de confianza y respeto.<\/p>\n<p style=\"text-align: justify;\">La empresa tiene una gran demanda para tener buenas calificaciones y recomendaciones de sus clientes, y por su variedad de servicios.<\/p>\n<p style=\"text-align: justify;\">Continuaremos este viaje con la misma energ\u00eda y compromiso que siempre hemos tenido para traer productos competitivos y diferenciados del mercado a nuestros clientes, siempre cumpliendo con las necesidades de cada uno, superando los plazos y las expectativas.<\/p>\n<p><\/p>","protected":false},"excerpt":{"rendered":"<p>AM DECOR INOX\u00a0 Con sede central en Blumenau y fundada en 2009, AM DECOR INOX, metal\u00fargica y tambi\u00e9n cerrajer\u00eda, es una empresa enfocada en los diversos sectores que se ha distinguido por su equipo de profesionales calificados, la eficiencia de sus procesos, la calidad de los procesos y productos, formando as\u00ed una asociaci\u00f3n. de confianza&hellip;<\/p>\n","protected":false},"author":1,"featured_media":0,"parent":0,"menu_order":0,"comment_status":"open","ping_status":"closed","template":"","meta":{"footnotes":""},"_links":{"self":[{"href":"https:\/\/www.amdecorinox.com.br\/site\/es\/wp-json\/wp\/v2\/pages\/258"}],"collection":[{"href":"https:\/\/www.amdecorinox.com.br\/site\/es\/wp-json\/wp\/v2\/pages"}],"about":[{"href":"https:\/\/www.amdecorinox.com.br\/site\/es\/wp-json\/wp\/v2\/types\/page"}],"author":[{"embeddable":true,"href":"https:\/\/www.amdecorinox.com.br\/site\/es\/wp-json\/wp\/v2\/users\/1"}],"replies":[{"embeddable":true,"href":"https:\/\/www.amdecorinox.com.br\/site\/es\/wp-json\/wp\/v2\/comments?post=258"}],"version-history":[{"count":11,"href":"https:\/\/www.amdecorinox.com.br\/site\/es\/wp-json\/wp\/v2\/pages\/258\/revisions"}],"predecessor-version":[{"id":603,"href":"https:\/\/www.amdecorinox.com.br\/site\/es\/wp-json\/wp\/v2\/pages\/258\/revisions\/603"}],"wp:attachment":[{"href":"https:\/\/www.amdecorinox.com.br\/site\/es\/wp-json\/wp\/v2\/media?parent=258"}],"curies":[{"name":"wp","href":"https:\/\/api.w.org\/{rel}","templated":true}]}}