{"id":195,"date":"2014-08-18T17:56:34","date_gmt":"2014-08-18T17:56:34","guid":{"rendered":"http:\/\/www.amdecorinox.com.br\/site\/?page_id=195"},"modified":"2019-08-02T21:29:40","modified_gmt":"2019-08-02T21:29:40","slug":"serralheria","status":"publish","type":"page","link":"https:\/\/www.amdecorinox.com.br\/site\/es\/produtos\/serralheria\/","title":{"rendered":"SERRALHERIA"},"content":{"rendered":"<p>[vc_row][vc_column][vc_column_text css_animation=\u00bbappear\u00bb]<\/p>\n<h5>Aqu\u00ed puede encontrar todos los servicios de cerrajer\u00eda como: fabricaci\u00f3n de portones, cercas, rejas, etc.<\/h5>\n\n\t\t\t<style type='text\/css'>\n\t\t\t\t#gallery-2 {\n\t\t\t\t\tmargin: auto;\n\t\t\t\t}\n\t\t\t\t#gallery-2 .gallery-item {\n\t\t\t\t\tfloat: left;\n\t\t\t\t\tmargin-top: 10px;\n\t\t\t\t\ttext-align: center;\n\t\t\t\t\twidth: 16%;\n\t\t\t\t}\n\t\t\t\t#gallery-2 img {\n\t\t\t\t\tborder: 2px solid #cfcfcf;\n\t\t\t\t}\n\t\t\t\t#gallery-2 .gallery-caption {\n\t\t\t\t\tmargin-left: 0;\n\t\t\t\t}\n\t\t\t\t\/* see gallery_shortcode() in wp-includes\/media.php *\/\n\t\t\t<\/style>\n\t\t<div id='gallery-2' class='dt-gallery-container gallery galleryid-579 gallery-columns-6 gallery-size-thumbnail'><dl class='gallery-item'>\n\t\t\t\t<dt class='gallery-icon landscape'>\n\t\t\t\t\t<a data-description='' class='rollover rollover-zoom dt-pswp-item' title='cam00227' data-dt-img-description='' data-large_image_width='1000' data-large_image_height = '687'  href='https:\/\/www.amdecorinox.com.br\/site\/wp-content\/uploads\/2019\/07\/cam00227.jpg'><img loading=\"lazy\" decoding=\"async\" width=\"150\" height=\"150\" src=\"https:\/\/www.amdecorinox.com.br\/site\/wp-content\/uploads\/2019\/07\/cam00227-150x150.jpg\" class=\"attachment-thumbnail size-thumbnail\" alt=\"\" srcset=\"https:\/\/www.amdecorinox.com.br\/site\/wp-content\/uploads\/2019\/07\/cam00227-150x150.jpg 150w, https:\/\/www.amdecorinox.com.br\/site\/wp-content\/uploads\/2019\/07\/cam00227-150x150@2x.jpg 300w\" sizes=\"(max-width: 150px) 100vw, 150px\" \/><\/a>\n\t\t\t\t<\/dt><\/dl><dl class='gallery-item'>\n\t\t\t\t<dt class='gallery-icon landscape'>\n\t\t\t\t\t<a data-description='' class='rollover rollover-zoom dt-pswp-item' title='cam00228' data-dt-img-description='' data-large_image_width='1000' data-large_image_height = '750'  href='https:\/\/www.amdecorinox.com.br\/site\/wp-content\/uploads\/2019\/07\/cam00228.jpg'><img loading=\"lazy\" decoding=\"async\" width=\"150\" height=\"150\" src=\"https:\/\/www.amdecorinox.com.br\/site\/wp-content\/uploads\/2019\/07\/cam00228-150x150.jpg\" class=\"attachment-thumbnail size-thumbnail\" alt=\"\" srcset=\"https:\/\/www.amdecorinox.com.br\/site\/wp-content\/uploads\/2019\/07\/cam00228-150x150.jpg 150w, https:\/\/www.amdecorinox.com.br\/site\/wp-content\/uploads\/2019\/07\/cam00228-150x150@2x.jpg 300w\" sizes=\"(max-width: 150px) 100vw, 150px\" \/><\/a>\n\t\t\t\t<\/dt><\/dl><dl class='gallery-item'>\n\t\t\t\t<dt class='gallery-icon landscape'>\n\t\t\t\t\t<a data-description='' class='rollover rollover-zoom dt-pswp-item' title='cam00533' data-dt-img-description='' data-large_image_width='1000' data-large_image_height = '898'  href='https:\/\/www.amdecorinox.com.br\/site\/wp-content\/uploads\/2019\/07\/cam00533.jpg'><img loading=\"lazy\" decoding=\"async\" width=\"150\" height=\"150\" src=\"https:\/\/www.amdecorinox.com.br\/site\/wp-content\/uploads\/2019\/07\/cam00533-150x150.jpg\" class=\"attachment-thumbnail size-thumbnail\" alt=\"\" srcset=\"https:\/\/www.amdecorinox.com.br\/site\/wp-content\/uploads\/2019\/07\/cam00533-150x150.jpg 150w, https:\/\/www.amdecorinox.com.br\/site\/wp-content\/uploads\/2019\/07\/cam00533-150x150@2x.jpg 300w\" sizes=\"(max-width: 150px) 100vw, 150px\" \/><\/a>\n\t\t\t\t<\/dt><\/dl><dl class='gallery-item'>\n\t\t\t\t<dt class='gallery-icon landscape'>\n\t\t\t\t\t<a data-description='' class='rollover rollover-zoom dt-pswp-item' title='cam00539' data-dt-img-description='' data-large_image_width='1000' data-large_image_height = '762'  href='https:\/\/www.amdecorinox.com.br\/site\/wp-content\/uploads\/2019\/07\/cam00539.jpg'><img loading=\"lazy\" decoding=\"async\" width=\"150\" height=\"150\" src=\"https:\/\/www.amdecorinox.com.br\/site\/wp-content\/uploads\/2019\/07\/cam00539-150x150.jpg\" class=\"attachment-thumbnail size-thumbnail\" alt=\"\" srcset=\"https:\/\/www.amdecorinox.com.br\/site\/wp-content\/uploads\/2019\/07\/cam00539-150x150.jpg 150w, https:\/\/www.amdecorinox.com.br\/site\/wp-content\/uploads\/2019\/07\/cam00539-150x150@2x.jpg 300w\" sizes=\"(max-width: 150px) 100vw, 150px\" \/><\/a>\n\t\t\t\t<\/dt><\/dl><dl class='gallery-item'>\n\t\t\t\t<dt class='gallery-icon portrait'>\n\t\t\t\t\t<a data-description='' class='rollover rollover-zoom dt-pswp-item' title='dscn0541_0' data-dt-img-description='' data-large_image_width='979' data-large_image_height = '1000'  href='https:\/\/www.amdecorinox.com.br\/site\/wp-content\/uploads\/2019\/07\/dscn0541_0.jpg'><img loading=\"lazy\" decoding=\"async\" width=\"150\" height=\"150\" src=\"https:\/\/www.amdecorinox.com.br\/site\/wp-content\/uploads\/2019\/07\/dscn0541_0-150x150.jpg\" class=\"attachment-thumbnail size-thumbnail\" alt=\"\" srcset=\"https:\/\/www.amdecorinox.com.br\/site\/wp-content\/uploads\/2019\/07\/dscn0541_0-150x150.jpg 150w, https:\/\/www.amdecorinox.com.br\/site\/wp-content\/uploads\/2019\/07\/dscn0541_0-150x150@2x.jpg 300w\" sizes=\"(max-width: 150px) 100vw, 150px\" \/><\/a>\n\t\t\t\t<\/dt><\/dl><dl class='gallery-item'>\n\t\t\t\t<dt class='gallery-icon portrait'>\n\t\t\t\t\t<a data-description='' class='rollover rollover-zoom dt-pswp-item' title='dscn0542_0' data-dt-img-description='' data-large_image_width='568' data-large_image_height = '1000'  href='https:\/\/www.amdecorinox.com.br\/site\/wp-content\/uploads\/2019\/07\/dscn0542_0.jpg'><img loading=\"lazy\" decoding=\"async\" width=\"150\" height=\"150\" src=\"https:\/\/www.amdecorinox.com.br\/site\/wp-content\/uploads\/2019\/07\/dscn0542_0-150x150.jpg\" class=\"attachment-thumbnail size-thumbnail\" alt=\"\" srcset=\"https:\/\/www.amdecorinox.com.br\/site\/wp-content\/uploads\/2019\/07\/dscn0542_0-150x150.jpg 150w, https:\/\/www.amdecorinox.com.br\/site\/wp-content\/uploads\/2019\/07\/dscn0542_0-150x150@2x.jpg 300w\" sizes=\"(max-width: 150px) 100vw, 150px\" \/><\/a>\n\t\t\t\t<\/dt><\/dl><br style=\"clear: both\" \/><dl class='gallery-item'>\n\t\t\t\t<dt class='gallery-icon landscape'>\n\t\t\t\t\t<a data-description='' class='rollover rollover-zoom dt-pswp-item' title='dscn0543_0' data-dt-img-description='' data-large_image_width='1000' data-large_image_height = '870'  href='https:\/\/www.amdecorinox.com.br\/site\/wp-content\/uploads\/2019\/07\/dscn0543_0.jpg'><img loading=\"lazy\" decoding=\"async\" width=\"150\" height=\"150\" src=\"https:\/\/www.amdecorinox.com.br\/site\/wp-content\/uploads\/2019\/07\/dscn0543_0-150x150.jpg\" class=\"attachment-thumbnail size-thumbnail\" alt=\"\" srcset=\"https:\/\/www.amdecorinox.com.br\/site\/wp-content\/uploads\/2019\/07\/dscn0543_0-150x150.jpg 150w, https:\/\/www.amdecorinox.com.br\/site\/wp-content\/uploads\/2019\/07\/dscn0543_0-150x150@2x.jpg 300w\" sizes=\"(max-width: 150px) 100vw, 150px\" \/><\/a>\n\t\t\t\t<\/dt><\/dl>\n\t\t\t\t<br style='clear: both' \/>\n\t\t\t<\/div>\n\n<p>[\/vc_column_text][\/vc_column][\/vc_row]<\/p>\n<p>[vc_row][vc_column][vc_column_text]<\/p>\n<p>[\/vc_column_text][\/vc_column][\/vc_row]<\/p>","protected":false},"excerpt":{"rendered":"<p>[vc_row][vc_column][vc_column_text css_animation=\u00bbappear\u00bb] Aqu\u00ed puede encontrar todos los servicios de cerrajer\u00eda como: fabricaci\u00f3n de portones, cercas, rejas, etc. [\/vc_column_text][\/vc_column][\/vc_row] [vc_row][vc_column][vc_column_text] [\/vc_column_text][\/vc_column][\/vc_row]<\/p>\n","protected":false},"author":2,"featured_media":0,"parent":10,"menu_order":0,"comment_status":"open","ping_status":"closed","template":"","meta":{"footnotes":""},"_links":{"self":[{"href":"https:\/\/www.amdecorinox.com.br\/site\/es\/wp-json\/wp\/v2\/pages\/195"}],"collection":[{"href":"https:\/\/www.amdecorinox.com.br\/site\/es\/wp-json\/wp\/v2\/pages"}],"about":[{"href":"https:\/\/www.amdecorinox.com.br\/site\/es\/wp-json\/wp\/v2\/types\/page"}],"author":[{"embeddable":true,"href":"https:\/\/www.amdecorinox.com.br\/site\/es\/wp-json\/wp\/v2\/users\/2"}],"replies":[{"embeddable":true,"href":"https:\/\/www.amdecorinox.com.br\/site\/es\/wp-json\/wp\/v2\/comments?post=195"}],"version-history":[{"count":7,"href":"https:\/\/www.amdecorinox.com.br\/site\/es\/wp-json\/wp\/v2\/pages\/195\/revisions"}],"predecessor-version":[{"id":608,"href":"https:\/\/www.amdecorinox.com.br\/site\/es\/wp-json\/wp\/v2\/pages\/195\/revisions\/608"}],"up":[{"embeddable":true,"href":"https:\/\/www.amdecorinox.com.br\/site\/es\/wp-json\/wp\/v2\/pages\/10"}],"wp:attachment":[{"href":"https:\/\/www.amdecorinox.com.br\/site\/es\/wp-json\/wp\/v2\/media?parent=195"}],"curies":[{"name":"wp","href":"https:\/\/api.w.org\/{rel}","templated":true}]}}