{"id":123,"date":"2014-06-13T17:39:32","date_gmt":"2014-06-13T17:39:32","guid":{"rendered":"http:\/\/www.amdecorinox.com.br\/site\/?page_id=123"},"modified":"2019-07-11T11:04:11","modified_gmt":"2019-07-11T11:04:11","slug":"conheca-o-aco-inoxidavel","status":"publish","type":"page","link":"https:\/\/www.amdecorinox.com.br\/site\/es\/conheca-o-aco-inoxidavel\/","title":{"rendered":"Cuidado del acero inoxidable"},"content":{"rendered":"<p><span style=\"color: #000000;\"><strong>CUIDADO CON ACERO INOXIDABLE<\/strong><\/span><\/p>\n<ul>\n<li><span style=\"color: #000000;\"><strong><strong>ACIDOS:\u00a0<\/strong><\/strong> Se deben evitar los productos qu\u00edmicos que da\u00f1an la superficie del acero inoxidable. Recomendamos el agua entre el calor y el fr\u00edo.<\/span><\/li>\n<li><span style=\"color: #000000;\"><strong><br \/>\nPRODUCTOS DE LIMPIEZA:<\/strong>\u00a0 Se recomienda solo en casos extremos, ya que da\u00f1an la superficie de acero inoxidable. Indica agua, jab\u00f3n y detergentes neutros.<\/span><\/li>\n<li><span style=\"color: #000000;\"><strong>ALIMENTOS:\u00a0<\/strong> Evite el contacto prolongado del producto con soluciones altamente concentradas de sal, principalmente en altas temperaturas.<\/span><\/li>\n<li><span style=\"color: #000000;\"><strong>A\u00c7O COMUM:\u00a0\u00a0<\/strong><br \/>\nNo deje art\u00edculos de acero ordinarios en contacto con el acero inoxidable, especialmente si est\u00e1n h\u00famedos o mojados. El ejemplo de esto es la esponja de acero, cuya oxidaci\u00f3n provoca manchas en el acero inoxidable. Cuando no es posible evitar su uso, las partes deben recibir agua en abundancia.<\/span><\/li>\n<\/ul>\n<p><span style=\"color: #000000;\"><strong>CARACTERISTICAS DE ACERO INOXIDABLE <\/strong><\/span><\/p>\n<ul>\n<li id=\"tw-target-text\" class=\"tw-data-text tw-ta tw-text-small\" dir=\"ltr\" data-placeholder=\"Tradu\u00e7\u00e3o\"><span lang=\"es\" tabindex=\"0\">Material reciclable;<\/span><\/li>\n<li class=\"tw-data-text tw-ta tw-text-small\" dir=\"ltr\" data-placeholder=\"Tradu\u00e7\u00e3o\"><span lang=\"es\" tabindex=\"0\">Alta resistencia a la corrosi\u00f3n; Resistencia mec\u00e1nica adecuada; Facilidad de limpieza \/ baja rugosidad de la superficie; <\/span><\/li>\n<li class=\"tw-data-text tw-ta tw-text-small\" dir=\"ltr\" data-placeholder=\"Tradu\u00e7\u00e3o\"><span lang=\"es\" tabindex=\"0\">Apariencia higi\u00e9nica; Resistencia a altas temperaturas; <\/span><\/li>\n<li class=\"tw-data-text tw-ta tw-text-small\" dir=\"ltr\" data-placeholder=\"Tradu\u00e7\u00e3o\"><span lang=\"es\" tabindex=\"0\">Resistencia a la temperatura criog\u00e9nica (por debajo de 0 \u00b0 C); Resistencia a los cambios bruscos de temperatura; <\/span><\/li>\n<li class=\"tw-data-text tw-ta tw-text-small\" dir=\"ltr\" data-placeholder=\"Tradu\u00e7\u00e3o\"><span lang=\"es\" tabindex=\"0\">Acabados superficiales y formas variadas; <\/span><\/li>\n<li class=\"tw-data-text tw-ta tw-text-small\" dir=\"ltr\" data-placeholder=\"Tradu\u00e7\u00e3o\"><span lang=\"es\" tabindex=\"0\">Fuerte atractivo visual (modernidad, ligereza y prestigio); <\/span><\/li>\n<li class=\"tw-data-text tw-ta tw-text-small\" dir=\"ltr\" data-placeholder=\"Tradu\u00e7\u00e3o\"><span lang=\"es\" tabindex=\"0\">Relaci\u00f3n costo-beneficio favorable<\/span><\/li>\n<\/ul>\n<p><span style=\"color: #000000;\">.<\/span><\/p>","protected":false},"excerpt":{"rendered":"<p>CUIDADO CON ACERO INOXIDABLE ACIDOS:\u00a0 Se deben evitar los productos qu\u00edmicos que da\u00f1an la superficie del acero inoxidable. Recomendamos el agua entre el calor y el fr\u00edo. PRODUCTOS DE LIMPIEZA:\u00a0 Se recomienda solo en casos extremos, ya que da\u00f1an la superficie de acero inoxidable. Indica agua, jab\u00f3n y detergentes neutros. ALIMENTOS:\u00a0 Evite el contacto prolongado&hellip;<\/p>\n","protected":false},"author":2,"featured_media":0,"parent":0,"menu_order":0,"comment_status":"open","ping_status":"closed","template":"","meta":{"footnotes":""},"_links":{"self":[{"href":"https:\/\/www.amdecorinox.com.br\/site\/es\/wp-json\/wp\/v2\/pages\/123"}],"collection":[{"href":"https:\/\/www.amdecorinox.com.br\/site\/es\/wp-json\/wp\/v2\/pages"}],"about":[{"href":"https:\/\/www.amdecorinox.com.br\/site\/es\/wp-json\/wp\/v2\/types\/page"}],"author":[{"embeddable":true,"href":"https:\/\/www.amdecorinox.com.br\/site\/es\/wp-json\/wp\/v2\/users\/2"}],"replies":[{"embeddable":true,"href":"https:\/\/www.amdecorinox.com.br\/site\/es\/wp-json\/wp\/v2\/comments?post=123"}],"version-history":[{"count":28,"href":"https:\/\/www.amdecorinox.com.br\/site\/es\/wp-json\/wp\/v2\/pages\/123\/revisions"}],"predecessor-version":[{"id":600,"href":"https:\/\/www.amdecorinox.com.br\/site\/es\/wp-json\/wp\/v2\/pages\/123\/revisions\/600"}],"wp:attachment":[{"href":"https:\/\/www.amdecorinox.com.br\/site\/es\/wp-json\/wp\/v2\/media?parent=123"}],"curies":[{"name":"wp","href":"https:\/\/api.w.org\/{rel}","templated":true}]}}