{"id":10,"date":"2014-04-08T02:39:41","date_gmt":"2014-04-08T02:39:41","guid":{"rendered":"http:\/\/www.amdecorinox.com.br\/site\/?page_id=10"},"modified":"2019-02-19T16:13:14","modified_gmt":"2019-02-19T16:13:14","slug":"produtos","status":"publish","type":"page","link":"https:\/\/www.amdecorinox.com.br\/site\/es\/produtos\/","title":{"rendered":"Fotos"},"content":{"rendered":"<p>[vc_row][vc_column][vc_column_text css_animation=\u00bbleft-to-right\u00bb]<span style=\"color: #000000;\"><strong>Alguns de nossos produtos\u00a0<\/strong><\/span><\/p>\n<ul>\n<li><span style=\"color: #000000;\">Corrim\u00e3o em a\u00e7o inox;<\/span><\/li>\n<li><span style=\"color: #000000;\">Tubos quadrados, retangulares, e redondos;<\/span><\/li>\n<li><span style=\"color: #000000;\">Curvas;<\/span><\/li>\n<li><span style=\"color: #000000;\">Linha de acess\u00f3rios para churrasqueira (grelha espetos, garfos, revestimento para churrasqueira em a\u00e7o inox);<\/span><\/li>\n<li><span style=\"color: #000000;\">Tanques para ind\u00fastrias aliment\u00edcias;<\/span><\/li>\n<li><span style=\"color: #000000;\">Equipamentos para ind\u00fastria farmac\u00eautica;<\/span><\/li>\n<li><span style=\"color: #000000;\">Equipamentos hospitalares;<\/span><\/li>\n<li><span style=\"color: #000000;\">Equipamentos hospitalares veterin\u00e1rios (para uso de sa\u00fade animal);<\/span><\/li>\n<li><span style=\"color: #000000;\">Produtos e materiais para serralheria;<\/span><\/li>\n<li><span style=\"color: #000000;\">Corte e dobra de tubos e chapas;<\/span><\/li>\n<li><span style=\"color: #000000;\">Polimento;<\/span><\/li>\n<li><span style=\"color: #000000;\">Escovamento;<\/span><\/li>\n<li><span style=\"color: #000000;\">Servi\u00e7o de torno e fresa;<\/span><\/li>\n<li><span style=\"color: #000000;\">Soldas especiais em geral;<\/span><\/li>\n<li><span style=\"color: #000000;\">Corte plasma;<\/span><\/li>\n<li><span style=\"color: #000000;\">Calandra;<\/span><\/li>\n<li><span style=\"color: #000000;\">Escada caracol;<\/span><\/li>\n<li><span style=\"color: #000000;\">Fabrica\u00e7\u00e3o e execu\u00e7\u00e3o de projetos em a\u00e7o inox;<\/span><\/li>\n<li><span style=\"color: #000000;\">ETC.<\/span><\/li>\n<\/ul>\n<p><span style=\"color: #000000;\">\u00a0<\/span>[\/vc_column_text][\/vc_column][\/vc_row][vc_row][vc_column width=\u00bb1\/3&#8243;][vc_images_carousel images=\u00bb254,273,253&#8243; onclick=\u00bbcustom_link\u00bb autoplay=\u00bbyes\u00bb css_animation=\u00bbleft-to-right\u00bb custom_links=\u00bb#E-8_aHR0cCUzQSUyRiUyRnd3dy5hbWRlY29yaW5veC5jb20uYnIlMkZzaXRlJTJGcHJvZHV0b3MlMkZjb3JyaW1hbyUyRg==\u00bb][\/vc_column][vc_column width=\u00bb1\/3&#8243;][vc_images_carousel images=\u00bb222&#8243; onclick=\u00bbcustom_link\u00bb autoplay=\u00bbyes\u00bb css_animation=\u00bbbottom-to-top\u00bb custom_links=\u00bb#E-8_aHR0cCUzQSUyRiUyRnd3dy5hbWRlY29yaW5veC5jb20uYnIlMkZzaXRlJTJGcHJvZHV0b3MlMkZjb3ppbmhhcy1pbmR1c3RyaWFpcyUyRg==\u00bb][\/vc_column][vc_column width=\u00bb1\/3&#8243;][vc_images_carousel images=\u00bb226,225,224,223&#8243; onclick=\u00bbcustom_link\u00bb autoplay=\u00bbyes\u00bb css_animation=\u00bbright-to-left\u00bb custom_links=\u00bb#E-8_aHR0cCUzQSUyRiUyRnd3dy5hbWRlY29yaW5veC5jb20uYnIlMkZzaXRlJTJGcHJvZHV0b3MlMkZlcXVpcGFtZW50b3MtaG9zcGl0YWxhcmVzJTJG\u00bb][\/vc_column][\/vc_row][vc_row][vc_column width=\u00bb1\/3&#8243;][vc_images_carousel images=\u00bb100&#8243; onclick=\u00bbcustom_link\u00bb autoplay=\u00bbyes\u00bb css_animation=\u00bbleft-to-right\u00bb custom_links=\u00bb#E-8_aHR0cCUzQSUyRiUyRnd3dy5hbWRlY29yaW5veC5jb20uYnIlMkZzaXRlJTJGcHJvZHV0b3MlMkZraXRzLXBhcmEtY2h1cnJhc2NvJTJG\u00bb][\/vc_column][vc_column width=\u00bb1\/3&#8243;][vc_images_carousel images=\u00bb210&#8243; onclick=\u00bbcustom_link\u00bb autoplay=\u00bbyes\u00bb css_animation=\u00bbbottom-to-top\u00bb custom_links=\u00bb#E-8_aHR0cCUzQSUyRiUyRnd3dy5hbWRlY29yaW5veC5jb20uYnIlMkZzaXRlJTJGcHJvZHV0b3MlMkZzZXJyYWxoZXJpYSUyRg==\u00bb][\/vc_column][vc_column width=\u00bb1\/3&#8243;][\/vc_column][\/vc_row]<\/p>\n","protected":false},"excerpt":{"rendered":"<p>[vc_row][vc_column][vc_column_text css_animation=\u00bbleft-to-right\u00bb]Alguns de nossos produtos\u00a0 Corrim\u00e3o em a\u00e7o inox; Tubos quadrados, retangulares, e redondos; Curvas; Linha de acess\u00f3rios para churrasqueira (grelha espetos, garfos, revestimento para churrasqueira em a\u00e7o inox); Tanques para ind\u00fastrias aliment\u00edcias; Equipamentos para ind\u00fastria farmac\u00eautica; Equipamentos hospitalares; Equipamentos hospitalares veterin\u00e1rios (para uso de sa\u00fade animal); Produtos e materiais para serralheria; Corte e dobra&hellip;<\/p>\n","protected":false},"author":1,"featured_media":0,"parent":0,"menu_order":2,"comment_status":"open","ping_status":"closed","template":"","meta":{"footnotes":""},"_links":{"self":[{"href":"https:\/\/www.amdecorinox.com.br\/site\/es\/wp-json\/wp\/v2\/pages\/10"}],"collection":[{"href":"https:\/\/www.amdecorinox.com.br\/site\/es\/wp-json\/wp\/v2\/pages"}],"about":[{"href":"https:\/\/www.amdecorinox.com.br\/site\/es\/wp-json\/wp\/v2\/types\/page"}],"author":[{"embeddable":true,"href":"https:\/\/www.amdecorinox.com.br\/site\/es\/wp-json\/wp\/v2\/users\/1"}],"replies":[{"embeddable":true,"href":"https:\/\/www.amdecorinox.com.br\/site\/es\/wp-json\/wp\/v2\/comments?post=10"}],"version-history":[{"count":18,"href":"https:\/\/www.amdecorinox.com.br\/site\/es\/wp-json\/wp\/v2\/pages\/10\/revisions"}],"predecessor-version":[{"id":342,"href":"https:\/\/www.amdecorinox.com.br\/site\/es\/wp-json\/wp\/v2\/pages\/10\/revisions\/342"}],"wp:attachment":[{"href":"https:\/\/www.amdecorinox.com.br\/site\/es\/wp-json\/wp\/v2\/media?parent=10"}],"curies":[{"name":"wp","href":"https:\/\/api.w.org\/{rel}","templated":true}]}}